{"id":2,"date":"2024-12-20T12:58:32","date_gmt":"2024-12-20T11:58:32","guid":{"rendered":"http:\/\/plumetyetcompagnie.fr\/?page_id=2"},"modified":"2025-01-21T17:43:51","modified_gmt":"2025-01-21T16:43:51","slug":"page-d-exemple","status":"publish","type":"page","link":"https:\/\/plumetyetcompagnie.fr\/","title":{"rendered":"A propos de Plumety et Compagnie"},"content":{"rendered":"\n<p>Plumety et Compagnie est une entreprise familiale fond\u00e9e en 2024. Notre objectif est de vous proposer des produits de qualit\u00e9, fabriqu\u00e9s avec soin et au design intemporel et \u00e9l\u00e9gant.<\/p>\n\n\n\n<ul class=\"wp-block-list\">\n<li>Des mod\u00e8les con\u00e7us et fabriqu\u00e9s en France<\/li>\n\n\n\n<li>Pour b\u00e9b\u00e9 et pour maman<\/li>\n\n\n\n<li>Des tissus certifi\u00e9s Oeko-Tex pour prendre soin de vos tout petits<\/li>\n\n\n\n<li>Un design intemporel pour traverser les g\u00e9n\u00e9rations et entourer de douceur tous les moments de vie<\/li>\n<\/ul>\n\n\n\n<p><\/p>\n","protected":false},"excerpt":{"rendered":"<p>Plumety et Compagnie est une entreprise familiale fond\u00e9e en 2024. Notre objectif est de vous proposer des produits de qualit\u00e9, fabriqu\u00e9s avec soin et au design intemporel et \u00e9l\u00e9gant.<\/p>\n","protected":false},"author":1,"featured_media":0,"parent":0,"menu_order":0,"comment_status":"closed","ping_status":"open","template":"","meta":{"footnotes":""},"class_list":["post-2","page","type-page","status-publish","hentry"],"_links":{"self":[{"href":"https:\/\/plumetyetcompagnie.fr\/index.php\/wp-json\/wp\/v2\/pages\/2","targetHints":{"allow":["GET"]}}],"collection":[{"href":"https:\/\/plumetyetcompagnie.fr\/index.php\/wp-json\/wp\/v2\/pages"}],"about":[{"href":"https:\/\/plumetyetcompagnie.fr\/index.php\/wp-json\/wp\/v2\/types\/page"}],"author":[{"embeddable":true,"href":"https:\/\/plumetyetcompagnie.fr\/index.php\/wp-json\/wp\/v2\/users\/1"}],"replies":[{"embeddable":true,"href":"https:\/\/plumetyetcompagnie.fr\/index.php\/wp-json\/wp\/v2\/comments?post=2"}],"version-history":[{"count":1,"href":"https:\/\/plumetyetcompagnie.fr\/index.php\/wp-json\/wp\/v2\/pages\/2\/revisions"}],"predecessor-version":[{"id":18,"href":"https:\/\/plumetyetcompagnie.fr\/index.php\/wp-json\/wp\/v2\/pages\/2\/revisions\/18"}],"wp:attachment":[{"href":"https:\/\/plumetyetcompagnie.fr\/index.php\/wp-json\/wp\/v2\/media?parent=2"}],"curies":[{"name":"wp","href":"https:\/\/api.w.org\/{rel}","templated":true}]}}